{"id":17912,"date":"2021-05-11T12:38:34","date_gmt":"2021-05-11T04:38:34","guid":{"rendered":"http:\/\/weiling-gallery.com\/gallery\/?page_id=17912"},"modified":"2021-05-11T12:38:34","modified_gmt":"2021-05-11T04:38:34","slug":"about","status":"publish","type":"page","link":"https:\/\/dev08.mm-sb.com\/web04\/about\/","title":{"rendered":"ABOUT"},"content":{"rendered":"<div id='av_section_1'  class='avia-section av-av_section-d21fdcaeecb69b7efe4eaf10b6112bd0 main_color avia-section-default avia-no-shadow  avia-builder-el-0  el_before_av_one_half  avia-builder-el-first  avia-bg-style-scroll  container_wrap fullsize'  ><div class='container av-section-cont-open' ><main  role=\"main\" itemprop=\"mainContentOfPage\"  class='template-page content  av-content-full alpha units'><div class='post-entry post-entry-type-page post-entry-17912'><div class='entry-content-wrapper clearfix'>\n<div class='flex_column av-av_one_full-2a9015ff38129c418a3f2eafba3e9512 av_one_full  avia-builder-el-1  avia-builder-el-no-sibling  first flex_column_div '   ><section class=\"av_textblock_section \"  itemscope=\"itemscope\" itemtype=\"https:\/\/schema.org\/CreativeWork\" ><div class='avia_textblock  '  style='font-size:14px; '  itemprop=\"text\" ><h2 class=\"style22\" style=\"text-align: justify;\">ABOUT<\/h2>\n<p style=\"text-align: justify;\">Wei-Ling Gallery was founded in 2002 by Lim Wei-Ling with the ambition to nurture the development of Malaysia\u2019s contemporary art scene. In 2011, the gallery expanded with its second space, Wei-Ling Contemporary, dedicated to showcase special projects and more experimental art forms. With two art spaces in Kuala Lumpur, it establishes itself as the largest commercial gallery in Malaysia.<\/p>\n<p style=\"text-align: justify;\">The galleries\u2019 positions have been achieved through ambitious, diversified and contextual curatorial projects and programming. Wei-Ling Galleries have repeatedly presented Malaysian contemporary art to international audiences, simultaneously representing a selection of widely-acclaimed local and international artists. Our exhibitions are free and open to all as a space for public imagination and inquiry.<\/p>\n<p style=\"text-align: justify;\">In its continuous efforts of cultivating the local contemporary art scene, Wei-Ling Gallery is also one of the most prolific publishers of art publications in the country, valuing the importance of archiving. The gallery\u2019s publishing activity encourages an appreciation for contemporary art with a backlist of monographs, artists\u2019 books, and exhibition catalogues which highlights the often-overlooked characteristics of an artist\u2019s practice.<\/p>\n<p style=\"text-align: justify;\">The gallery\u2019s mission comes from the founder\u2019s intentions, as well as, from ongoing national and global reflection on what the purpose of a private art gallery is in contemporary society. We aim to:<\/p>\n<p style=\"text-align: justify;\"><span style=\"color: #333333;\"><strong>Encourage passion in the arts (understanding and engagement of art; and art collecting)<\/strong><\/span><br \/>\nWe are committed to art accessibility, engagement and art education which underpin the varied, year-round programming at Wei-Ling Galleries that entails exhibitions, webinars, artist talks and innovative workshops for a wide range of ages and target audiences.<\/p>\n<p style=\"text-align: justify;\">In 2021, we launched our podcast channel \u2018Wei-Ling Gallery Podcast\u2019 which delves deep into different art questions, getting insights from artists, curators and creative practitioners, and sharing our own art world experiences to offer an answer. We also presented \u2018<em>100 Pieces: Art for All<\/em>\u2019 which aimed to reevaluate the misconception that art collecting is for the elite few and hopes to make art collecting more accessible to the wider public.<\/p>\n<p style=\"text-align: justify;\"><span style=\"color: #333333;\"><strong>Nurture development of Malaysian contemporary art scene to an international level<\/strong><\/span><br \/>\nIn a concerted effort to push the boundaries of art engagement, the gallery\u2019s programme now incorporates more experimental art forms, site-specific projects and installations. In 2018, the exhibition \u2018<em>Seen<\/em>\u2019 at Wei-Ling Contemporary brought together some of the important names from the art world featuring works by Ahmet \u00d6\u011f\u00fct, Roger Ballen, Viktoria Binschtok among others.<\/p>\n<p style=\"text-align: justify;\">For 20 years, the gallery has taken major exhibitions of Malaysian art to China, India, Pakistan, Singapore, Taipei and Hong Kong. In 2019, Wei-Ling Galleries played a role in the presentation of Malaysia\u2019s inaugural national pavilion at the 58th International Art Exhibition &#8211; La Biennale di Venezia (Venice Biennale). The pavilion was commissioned by the National Gallery of Malaysia under the auspice of the Ministry of Tourism, Arts and Culture, and supported by generous patrons and sponsors of the arts in Malaysia (Creador Foundation, BRDB and Seeing Eye Films).<\/p>\n<p style=\"text-align: justify;\"><span style=\"color: #333333;\"><strong>Identify and support the next generation of Malaysian artists<\/strong><\/span><br \/>\nLaunched in 2002, our gallery programme WLG Incubator identifies the next generation of Malaysian artists, by bringing together the opportunity for them to be advised and guided by an established artist. WLG Incubator also aims to highlight and encourage project collaborations with emerging Malaysian artists, helping them develop a practice that is authentic, experimental and progressive.<\/p>\n<p style=\"text-align: justify;\"><span style=\"color: #333333;\"><strong>Spark awareness through art<\/strong><\/span><br \/>\nOur gallery\u2019s curatorial projects at Wei-Ling Contemporary which are based on thematic, conceptual or formal approaches often showcase practices of art and activism. Through exhibition-making as a methodology, we hope that contemporary art could be a more effective and affective tool in bringing about social change.<\/p>\n<p style=\"text-align: justify;\"><span style=\"color: #333333;\"><strong>Philanthropy<\/strong><\/span><br \/>\nBelieving in the importance of giving back to the community, Wei-Ling Galleries have collaborated with different artists and stakeholders to host art programmes as a means to support charitable causes and create new opportunities for audiences to engage with art. At the end of 2020 alongside Volkswagen Passenger Cars Malaysia (VPCM), we successfully raised RM133,200 from the Arteon Charity Auction. The funds were channelled to the Breast Cancer Welfare Association Malaysia (BCWA), with a minimum token of appreciation presented to each artist for their contribution. The 18@8 exhibitions at Wei-Ling Gallery saw the gallery collaborate with artists and brands such as FURLA and Absolut to raise funds for Society for the Prevention of Cruelty to Animals (SPCA) and Animal Concerns Research and Education Society (ACRES).<\/p>\n<\/div><\/section><\/div>\n<\/div><\/div><\/main><!-- close content main element --><\/div><\/div><div id='after_section_1'  class='main_color av_default_container_wrap container_wrap fullsize'  ><div class='container av-section-cont-open' ><div class='template-page content  av-content-full alpha units'><div class='post-entry post-entry-type-page post-entry-17912'><div class='entry-content-wrapper clearfix'>\n<div class='flex_column av-av_one_half-2a9015ff38129c418a3f2eafba3e9512 av_one_half  avia-builder-el-3  el_after_av_section  el_before_av_one_half  avia-builder-el-first  first flex_column_div '   ><section class=\"av_textblock_section \"  itemscope=\"itemscope\" itemtype=\"https:\/\/schema.org\/CreativeWork\" ><div class='avia_textblock  '  style='font-size:14px; '  itemprop=\"text\" ><h2 class=\"style22\" style=\"text-align: justify;\">Wei-Ling Gallery<\/h2>\n<p><span style=\"color: #333333;\"><a style=\"color: #333333;\" href=\"http:\/\/weiling-gallery.com\/gallery\/getting-here\/\" target=\"_blank\" rel=\"noopener\">Getting here<\/a><\/span><\/p>\n<p><span style=\"color: #333333;\"><a style=\"color: #333333;\" href=\"http:\/\/weiling-gallery.com\/gallery\/?p=13711\" target=\"_blank\" rel=\"noopener\">Gallery Photos<\/a><\/span><\/p>\n<\/div><\/section><\/div>\n<div class='flex_column av-av_one_half-61f1f3fb8a14755dafdb04b8bcedc67a av_one_half  avia-builder-el-5  el_after_av_one_half  el_before_av_hr  flex_column_div '   ><section class=\"av_textblock_section \"  itemscope=\"itemscope\" itemtype=\"https:\/\/schema.org\/CreativeWork\" ><div class='avia_textblock  '  style='font-size:14px; '  itemprop=\"text\" ><h2 class=\"style22\" style=\"text-align: justify;\">Wei-Ling\u00a0Contemporary<\/h2>\n<p><span style=\"color: #333333;\"><a style=\"color: #333333;\" href=\"http:\/\/weiling-gallery.com\/gallery\/getting-here\/\" target=\"_blank\" rel=\"noopener\">Getting here<\/a><\/span><\/p>\n<p><span style=\"color: #333333;\"><a style=\"color: #333333;\" title=\"WLC Gallery Space\" href=\"http:\/\/weiling-gallery.com\/gallery\/portfolio-item\/wlc-gallery-space\/\" target=\"_blank\" rel=\"noopener\">Gallery Photos<\/a><\/span><\/p>\n<\/div><\/section><\/div>\n\n<style type=\"text\/css\" data-created_by=\"avia_inline_auto\" id=\"style-css-av-av_hr-4da65ad0da1af2312e638156d31407a3\">\n#top .hr.hr-invisible.av-av_hr-4da65ad0da1af2312e638156d31407a3{\nheight:100px;\n}\n<\/style>\n<div  class='hr av-av_hr-4da65ad0da1af2312e638156d31407a3 hr-invisible  avia-builder-el-7  el_after_av_one_half  el_before_av_textblock  '><span class='hr-inner '><span class=\"hr-inner-style\"><\/span><\/span><\/div>\n<section class=\"av_textblock_section \"  itemscope=\"itemscope\" itemtype=\"https:\/\/schema.org\/CreativeWork\" ><div class='avia_textblock  '   itemprop=\"text\" ><div style=\"font-size: 14px; line-height: 24px; color: #666666;\">\n<h2 class=\"style22\">OUR TEAM<\/h2>\n<\/div>\n<\/div><\/section>\n\n<style type=\"text\/css\" data-created_by=\"avia_inline_auto\" id=\"style-css-av-av_image-0b0a425d245e5afaef0d93764ba0de4e\">\n.avia-image-container.av-av_image-0b0a425d245e5afaef0d93764ba0de4e .av-image-caption-overlay-center{\ncolor:#ffffff;\n}\n<\/style>\n<div  class='avia-image-container av-av_image-0b0a425d245e5afaef0d93764ba0de4e av-styling- avia-align-left  avia-builder-el-9  el_after_av_textblock  el_before_av_hr  '  itemprop=\"image\" itemscope=\"itemscope\" itemtype=\"https:\/\/schema.org\/ImageObject\" ><div class=\"avia-image-container-inner\"><div class=\"avia-image-overlay-wrap\"><img decoding=\"async\" class='wp-image- avia-img-lazy-loading-not- avia_image' src=\"http:\/\/weiling-gallery.com\/gallery\/wp-content\/uploads\/2021\/05\/IMG_71962-300x253.jpg\" alt='' title=''   itemprop=\"thumbnailUrl\"  \/><\/div><\/div><\/div>\n\n<style type=\"text\/css\" data-created_by=\"avia_inline_auto\" id=\"style-css-av-av_hr-430a0a5ae74b4ee13265d46c2a9dc5ca\">\n#top .hr.hr-invisible.av-av_hr-430a0a5ae74b4ee13265d46c2a9dc5ca{\nheight:70px;\n}\n<\/style>\n<div  class='hr av-av_hr-430a0a5ae74b4ee13265d46c2a9dc5ca hr-invisible  avia-builder-el-10  el_after_av_image  el_before_av_one_fourth  '><span class='hr-inner '><span class=\"hr-inner-style\"><\/span><\/span><\/div>\n<div class='flex_column av-av_one_fourth-2a9015ff38129c418a3f2eafba3e9512 av_one_fourth  avia-builder-el-11  el_after_av_hr  el_before_av_one_fourth  first flex_column_div '   ><p><section  class='avia-team-member   avia-builder-el-12  el_before_av_textblock  avia-builder-el-first '  itemscope=\"itemscope\" itemtype=\"https:\/\/schema.org\/Person\" ><div class='team-img-container'><img decoding=\"async\" class='wp-image-17965 avia-img-lazy-loading-not-17965 avia_image avia_image_team' src=\"http:\/\/weiling-gallery.com\/gallery\/wp-content\/uploads\/2021\/05\/MG_9979-bw-Copy-300x300.jpg\" alt='LIM Wei-Ling'  itemprop=\"image\"  \/><\/div><h3 class='team-member-name'    itemprop=\"name\" >LIM Wei-Ling<\/h3><div class='team-member-job-title '   itemprop=\"jobTitle\" >Gallery Director<\/div><span class='hidden team-member-affiliation'  itemprop=\"affiliation\" >web04<\/span><\/section><br \/>\n<section class=\"av_textblock_section \"  itemscope=\"itemscope\" itemtype=\"https:\/\/schema.org\/CreativeWork\" ><div class='avia_textblock  '  style='font-size:14px; '  itemprop=\"text\" ><p style=\"text-align: left;\">Lim Wei-Ling founded Wei-Ling Gallery and Wei-Ling Contemporary in 2002 and 2011 respectively. A jewellery designer and art history major by training, she has been duly recognised for her contribution and efforts to promote the Malaysian art scene through various awards and nominations. In 2018, she was appointed by Malaysia\u2019s Ministry of Tourism, Arts and Culture (MOTAC) to curate and spearhead the country\u2019s first pavilion at La Biennale di Venezia (Venice Biennale) in 2019.<\/p>\n<\/div><\/section><\/p><\/div>\n<div class='flex_column av-av_one_fourth-61f1f3fb8a14755dafdb04b8bcedc67a av_one_fourth  avia-builder-el-14  el_after_av_one_fourth  el_before_av_one_fourth  flex_column_div '   ><p><section  class='avia-team-member   avia-builder-el-15  el_before_av_textblock  avia-builder-el-first '  itemscope=\"itemscope\" itemtype=\"https:\/\/schema.org\/Person\" ><div class='team-img-container'><img decoding=\"async\" class='wp-image-17970 avia-img-lazy-loading-not-17970 avia_image avia_image_team' src=\"http:\/\/weiling-gallery.com\/gallery\/wp-content\/uploads\/2021\/05\/MG_0844-22-300x300.jpg\" alt='LIM Siew Boon'  itemprop=\"image\"  \/><\/div><h3 class='team-member-name'    itemprop=\"name\" >LIM Siew Boon<\/h3><div class='team-member-job-title '   itemprop=\"jobTitle\" >Gallery Associate<\/div><span class='hidden team-member-affiliation'  itemprop=\"affiliation\" >web04<\/span><\/section><br \/>\n<section class=\"av_textblock_section \"  itemscope=\"itemscope\" itemtype=\"https:\/\/schema.org\/CreativeWork\" ><div class='avia_textblock  '  style='font-size:14px; '  itemprop=\"text\" ><p style=\"text-align: left;\">Siew Boon has 9 years of experience in arts management and has been involved in the production of various art exhibitions in Malaysia and internationally. From arts administration to logistics, she manages the gallery\u2019s artwork inventory and corresponds with a range of stakeholders internally and externally. She obtained her Diploma in Fine Art from Dasein Academy of Art, Kuala Lumpur.<\/p>\n<p style=\"text-align: left;\">siewboon@weiling-gallery.com<\/p>\n<\/div><\/section><\/p><\/div>\n<div class='flex_column av-av_one_fourth-61f1f3fb8a14755dafdb04b8bcedc67a av_one_fourth  avia-builder-el-17  el_after_av_one_fourth  el_before_av_one_fourth  flex_column_div '   ><p><section  class='avia-team-member   avia-builder-el-18  el_before_av_textblock  avia-builder-el-first '  itemscope=\"itemscope\" itemtype=\"https:\/\/schema.org\/Person\" ><div class='team-img-container'><img decoding=\"async\" class='wp-image-17964 avia-img-lazy-loading-not-17964 avia_image avia_image_team' src=\"http:\/\/weiling-gallery.com\/gallery\/wp-content\/uploads\/2021\/05\/MG_0821-3-Copy-300x300.jpg\" alt='Noel TAN'  itemprop=\"image\"  \/><\/div><h3 class='team-member-name'    itemprop=\"name\" >Noel TAN<\/h3><div class='team-member-job-title '   itemprop=\"jobTitle\" >Gallery Associate<\/div><span class='hidden team-member-affiliation'  itemprop=\"affiliation\" >web04<\/span><\/section><br \/>\n<section class=\"av_textblock_section \"  itemscope=\"itemscope\" itemtype=\"https:\/\/schema.org\/CreativeWork\" ><div class='avia_textblock  '  style='font-size:14px; '  itemprop=\"text\" ><p style=\"text-align: left;\">Graduated with a Diploma in Interior Design from Saito University College, Noel has been working in the gallery for 5 years with experience in art and event management. She has been involved in the production of various local and international art exhibitions. Extending her passions beyond contemporary art, she runs a dance school where she teaches ballet and jazz dance.<\/p>\n<p style=\"text-align: left;\">noel@weiling-gallery.com<\/p>\n<\/div><\/section><\/p><\/div>\n<div class='flex_column av-av_one_fourth-61f1f3fb8a14755dafdb04b8bcedc67a av_one_fourth  avia-builder-el-20  el_after_av_one_fourth  el_before_av_hr  flex_column_div '   ><p><section  class='avia-team-member   avia-builder-el-21  el_before_av_textblock  avia-builder-el-first '  itemscope=\"itemscope\" itemtype=\"https:\/\/schema.org\/Person\" ><div class='team-img-container'><img decoding=\"async\" class='wp-image-17963 avia-img-lazy-loading-not-17963 avia_image avia_image_team' src=\"http:\/\/weiling-gallery.com\/gallery\/wp-content\/uploads\/2021\/05\/MG_0807-21-300x300.jpg\" alt='Amanda ARIAWAN'  itemprop=\"image\"  \/><\/div><h3 class='team-member-name'    itemprop=\"name\" >Amanda ARIAWAN<\/h3><div class='team-member-job-title '   itemprop=\"jobTitle\" >Gallery Associate<\/div><span class='hidden team-member-affiliation'  itemprop=\"affiliation\" >web04<\/span><\/section><br \/>\n<section class=\"av_textblock_section \"  itemscope=\"itemscope\" itemtype=\"https:\/\/schema.org\/CreativeWork\" ><div class='avia_textblock  '  style='font-size:14px; '  itemprop=\"text\" ><p style=\"text-align: left;\">Amanda obtained her MA in Contemporary Art Exhibition Production from Universite de Lille. Her research examined the representation of Asian contemporary art in France and its relation to identity. She has worked on several curatorial and public art commission projects in Europe (artconnexion, TENT Rotterdam) and Indonesia (Institut Francais, National Art Gallery).<\/p>\n<p>amanda@weiling-gallery.com<\/p>\n<\/div><\/section><\/p><\/div>\n\n<style type=\"text\/css\" data-created_by=\"avia_inline_auto\" id=\"style-css-av-av_hr-430a0a5ae74b4ee13265d46c2a9dc5ca\">\n#top .hr.hr-invisible.av-av_hr-430a0a5ae74b4ee13265d46c2a9dc5ca{\nheight:70px;\n}\n<\/style>\n<div  class='hr av-av_hr-430a0a5ae74b4ee13265d46c2a9dc5ca hr-invisible  avia-builder-el-23  el_after_av_one_fourth  el_before_av_font_icon  '><span class='hr-inner '><span class=\"hr-inner-style\"><\/span><\/span><\/div>\n\n<style type=\"text\/css\" data-created_by=\"avia_inline_auto\" id=\"style-css-av-av_font_icon-4f198305b8394feefa26a4ff85d7b7be\">\n.av_font_icon.av-av_font_icon-4f198305b8394feefa26a4ff85d7b7be .av-icon-char{\nfont-size:20px;\nline-height:20px;\n}\n<\/style>\n<span  class=\"av_font_icon av-av_font_icon-4f198305b8394feefa26a4ff85d7b7be avia_animate_when_visible av-icon-style- avia-icon-pos-center av-no-color avia-icon-animate \"><a href='https:\/\/linktr.ee\/weilinggallerysocials?utm_source=qr_code' target=\"_blank\" rel=\"noopener noreferrer\" class='av-icon-char' aria-hidden='true' data-av_icon='\ue822' data-av_iconfont='entypo-fontello' data-avia-icon-tooltip=\"&lt;br \/&gt;\nlinktr.ee&lt;br \/&gt;\n\"><\/a><\/span>\n\n<style type=\"text\/css\" data-created_by=\"avia_inline_auto\" id=\"style-css-av-av_hr-22b2c95b934dc9c4342fef8b904fb51c\">\n#top .hr.hr-invisible.av-av_hr-22b2c95b934dc9c4342fef8b904fb51c{\nheight:70px;\n}\n<\/style>\n<div  class='hr av-av_hr-22b2c95b934dc9c4342fef8b904fb51c hr-invisible  avia-builder-el-25  el_after_av_font_icon  el_before_av_contact  '><span class='hr-inner '><span class=\"hr-inner-style\"><\/span><\/span><\/div>\n<form action=\"https:\/\/dev08.mm-sb.com\/web04\/about\/\" method=\"post\"  class=\"avia_ajax_form av-form-labels-visible   avia-builder-el-26  el_after_av_hr  el_before_av_section  avia-builder-el-last  av-custom-form-color av-dark-form \" data-avia-form-id=\"1\" data-avia-redirect='' ><h3 class=''>JOIN OUR MAILING LIST<\/h3><fieldset><p class='  first_form  form_element form_element_fourth' id='element_avia_1_1'><label for=\"avia_1_1\">Name <abbr class=\"required\" title=\"required\">*<\/abbr><\/label> <input name=\"avia_1_1\" class=\"text_input is_empty\" type=\"text\" id=\"avia_1_1\" value=\"\" \/><\/p><p class='  form_element form_element_fourth av-last-visible-form-element' id='element_avia_2_1'><label for=\"avia_2_1\">Email <abbr class=\"required\" title=\"required\">*<\/abbr><\/label> <input name=\"avia_2_1\" class=\"text_input is_email\" type=\"text\" id=\"avia_2_1\" value=\"\" \/><\/p><p class=\"hidden\"><input type=\"text\" name=\"avia_3_1\" class=\"hidden \" id=\"avia_3_1\" value=\"\" \/><\/p><p class=\"form_element form_element_half modified_width\"><input type=\"hidden\" value=\"1\" name=\"avia_generated_form1\" \/><input type=\"submit\" value=\"SUBSCRIBE\" class=\"button\"  data-sending-label=\"Sending\"\/><\/p><\/fieldset><\/form><div id=\"ajaxresponse_1\" class=\"ajaxresponse ajaxresponse_1 hidden\"><\/div>\n<\/div><\/div><\/div><!-- close content main div --><\/div><\/div><div id='av_section_2'  class='avia-section av-av_section-d21fdcaeecb69b7efe4eaf10b6112bd0 main_color avia-section-default avia-no-shadow  avia-builder-el-27  el_after_av_contact  avia-builder-el-last  avia-bg-style-scroll  container_wrap fullsize'  ><div class='container av-section-cont-open' ><div class='template-page content  av-content-full alpha units'><div class='post-entry post-entry-type-page post-entry-17912'><div class='entry-content-wrapper clearfix'>\n<div class='flex_column av-av_one_third-2a9015ff38129c418a3f2eafba3e9512 av_one_third  avia-builder-el-28  el_before_av_one_third  avia-builder-el-first  first flex_column_div '   ><section class=\"av_textblock_section \"  itemscope=\"itemscope\" itemtype=\"https:\/\/schema.org\/CreativeWork\" ><div class='avia_textblock  '  style='font-size:14px; '  itemprop=\"text\" ><h3 class=\"style22\" style=\"text-align: justify;\"><span style=\"color: #333333;\"><a style=\"color: #333333;\" href=\"http:\/\/weiling-gallery.com\/gallery\/\" target=\"_blank\" rel=\"noopener\">WEI-LING GALLERY<\/a><\/span><\/h3>\n<p style=\"text-align: left;\">8 JALAN SCOTT, BRICKFIELDS<br \/>\n50470 KUALA LUMPUR, MALAYSIA<\/p>\n<p>T +603 2260 1106<br \/>\nE WEILINGGALLERY@GMAIL.COM<\/p>\n<p>OPENING HOURS<br \/>\nTUESDAY &#8211; FRIDAY 10AM-6PM<br \/>\nSATURDAY 10AM-5PM<br \/>\nCLOSED ON MONDAYS &amp; PUBLIC HOLIDAYS<\/p>\n<\/div><\/section><\/div><div class='flex_column av-av_one_third-61f1f3fb8a14755dafdb04b8bcedc67a av_one_third  avia-builder-el-30  el_after_av_one_third  el_before_av_one_third  flex_column_div '   ><section class=\"av_textblock_section \"  itemscope=\"itemscope\" itemtype=\"https:\/\/schema.org\/CreativeWork\" ><div class='avia_textblock  '  style='font-size:14px; '  itemprop=\"text\" ><h3 class=\"style22\" style=\"text-align: justify;\"><span style=\"color: #333333;\"><a style=\"color: #333333;\" href=\"http:\/\/weiling-gallery.com\/contemporary\/\">WEI-LING\u00a0CONTEMPORARY<\/a><\/span><\/h3>\n<p style=\"text-align: left;\">LOT NO RT-1<br \/>\n6TH FLOOR, THE GARDENS MALL<br \/>\nLINGKARAN SYED PUTRA<br \/>\n59200 KUALA LUMPUR, MALAYSIA<\/p>\n<p>T +603 2282 8323<br \/>\nE WEILINGCONTEMPORARY@GMAIL.COM<\/p>\n<\/div><\/section><\/div><div class='flex_column av-av_one_third-61f1f3fb8a14755dafdb04b8bcedc67a av_one_third  avia-builder-el-32  el_after_av_one_third  avia-builder-el-last  flex_column_div '   ><section class=\"av_textblock_section \"  itemscope=\"itemscope\" itemtype=\"https:\/\/schema.org\/CreativeWork\" ><div class='avia_textblock  '  style='font-size:14px; '  itemprop=\"text\" ><h3 class=\"style22\" style=\"text-align: justify;\"><span style=\"color: #333333;\">WLG@VICTORY ANNEXE<\/span><\/h3>\n<p style=\"text-align: left;\">EASTERN &amp; ORIENTAL HOTEL VICTORY ANNEXE<br \/>\nGROUND FLOOR, UNIT NO 1<br \/>\n10 LEBUH FARQUHAR<br \/>\n10200 PENANG, MALAYSIA<\/p>\n<p><em>CLOSED WITH EFFECT FROM 1ST SEPTEMBER 2016<\/em><\/p>\n<\/div><\/section><\/div>\n\n","protected":false},"excerpt":{"rendered":"","protected":false},"author":1,"featured_media":0,"parent":0,"menu_order":0,"comment_status":"open","ping_status":"closed","template":"","meta":{"footnotes":""},"class_list":["post-17912","page","type-page","status-publish","hentry"],"_links":{"self":[{"href":"https:\/\/dev08.mm-sb.com\/web04\/wp-json\/wp\/v2\/pages\/17912","targetHints":{"allow":["GET"]}}],"collection":[{"href":"https:\/\/dev08.mm-sb.com\/web04\/wp-json\/wp\/v2\/pages"}],"about":[{"href":"https:\/\/dev08.mm-sb.com\/web04\/wp-json\/wp\/v2\/types\/page"}],"author":[{"embeddable":true,"href":"https:\/\/dev08.mm-sb.com\/web04\/wp-json\/wp\/v2\/users\/1"}],"replies":[{"embeddable":true,"href":"https:\/\/dev08.mm-sb.com\/web04\/wp-json\/wp\/v2\/comments?post=17912"}],"version-history":[{"count":0,"href":"https:\/\/dev08.mm-sb.com\/web04\/wp-json\/wp\/v2\/pages\/17912\/revisions"}],"wp:attachment":[{"href":"https:\/\/dev08.mm-sb.com\/web04\/wp-json\/wp\/v2\/media?parent=17912"}],"curies":[{"name":"wp","href":"https:\/\/api.w.org\/{rel}","templated":true}]}}